{"id":190,"date":"2021-01-26T11:26:06","date_gmt":"2021-01-26T10:26:06","guid":{"rendered":"http:\/\/camillevourch.com\/?page_id=190"},"modified":"2021-02-01T17:00:21","modified_gmt":"2021-02-01T16:00:21","slug":"contact-traduction-anglais-francais-english-french-translator","status":"publish","type":"page","link":"https:\/\/camillevourch.com\/index.php\/contact-traduction-anglais-francais-english-french-translator\/","title":{"rendered":""},"content":{"rendered":"\n<div class=\"wp-block-columns\">\n<div class=\"wp-block-column\" style=\"flex-basis:100%\">\n<div class=\"wp-block-media-text alignwide is-stacked-on-mobile is-vertically-aligned-center has-neve-link-color-color has-nv-site-bg-background-color has-text-color has-background\" style=\"grid-template-columns:29% auto\"><figure class=\"wp-block-media-text__media\"><img loading=\"lazy\" width=\"1024\" height=\"1024\" src=\"http:\/\/camillevourch.com\/wp-content\/uploads\/2021\/02\/P1080640-1024x1024.jpg\" alt=\"\" class=\"wp-image-264 size-full\" srcset=\"https:\/\/camillevourch.com\/wp-content\/uploads\/2021\/02\/P1080640-1024x1024.jpg 1024w, https:\/\/camillevourch.com\/wp-content\/uploads\/2021\/02\/P1080640-300x300.jpg 300w, https:\/\/camillevourch.com\/wp-content\/uploads\/2021\/02\/P1080640-150x150.jpg 150w, https:\/\/camillevourch.com\/wp-content\/uploads\/2021\/02\/P1080640-768x768.jpg 768w, https:\/\/camillevourch.com\/wp-content\/uploads\/2021\/02\/P1080640-1536x1536.jpg 1536w, https:\/\/camillevourch.com\/wp-content\/uploads\/2021\/02\/P1080640-2048x2048.jpg 2048w\" sizes=\"(max-width: 1024px) 100vw, 1024px\" \/><\/figure><div class=\"wp-block-media-text__content\">\n<div class=\"wp-block-columns\">\n<div class=\"wp-block-column\" style=\"flex-basis:50%\">\n<p><strong>Contactez-moi<\/strong> par mail, t\u00e9l\u00e9phone ou gr\u00e2ce au formulaire ci-dessous.<\/p>\n\n\n\n<p>Tarif solidaire : des solutions pour des projets qui font sens !<\/p>\n<\/div>\n\n\n\n<div class=\"wp-block-column\" style=\"flex-basis:50%\">\n<p><em>Contact me via email, phone or contact form below.<\/em><\/p>\n\n\n\n<p><em>Solidarity pricing : there&#8217;s always a solution for meaningful! projects!<\/em><\/p>\n<\/div>\n<\/div>\n<\/div><\/div>\n\n\n\n<p class=\"has-text-align-center\" style=\"font-size:22px\"><strong><a href=\"mailto:camillevourch@gmail.com\" target=\"_blank\" rel=\"noreferrer noopener\">camillevourch@gmail.com<\/a><\/strong>        <strong>+33(0) 6 43 87 07 19<\/strong><\/p>\n<\/div>\n<\/div>\n\n\n\n<div class=\"wp-block-contact-form-7-contact-form-selector\"><div role=\"form\" class=\"wpcf7\" id=\"wpcf7-f179-o1\" lang=\"fr-FR\" dir=\"ltr\">\n<div class=\"screen-reader-response\"><p role=\"status\" aria-live=\"polite\" aria-atomic=\"true\"><\/p> <ul><\/ul><\/div>\n<form action=\"\/index.php\/wp-json\/wp\/v2\/pages\/190#wpcf7-f179-o1\" method=\"post\" class=\"wpcf7-form init\" novalidate=\"novalidate\" data-status=\"init\">\n<div style=\"display: none;\">\n<input type=\"hidden\" name=\"_wpcf7\" value=\"179\" \/>\n<input type=\"hidden\" name=\"_wpcf7_version\" value=\"5.4\" \/>\n<input type=\"hidden\" name=\"_wpcf7_locale\" value=\"fr_FR\" \/>\n<input type=\"hidden\" name=\"_wpcf7_unit_tag\" value=\"wpcf7-f179-o1\" \/>\n<input type=\"hidden\" name=\"_wpcf7_container_post\" value=\"0\" \/>\n<input type=\"hidden\" name=\"_wpcf7_posted_data_hash\" value=\"\" \/>\n<\/div>\n<p><label> Name<br \/>\n    <span class=\"wpcf7-form-control-wrap your-name\"><input type=\"text\" name=\"your-name\" value=\"\" size=\"40\" class=\"wpcf7-form-control wpcf7-text wpcf7-validates-as-required\" aria-required=\"true\" aria-invalid=\"false\" \/><\/span> <\/label><\/p>\n<p><label> E-mail<br \/>\n    <span class=\"wpcf7-form-control-wrap your-email\"><input type=\"email\" name=\"your-email\" value=\"\" size=\"40\" class=\"wpcf7-form-control wpcf7-text wpcf7-email wpcf7-validates-as-required wpcf7-validates-as-email\" aria-required=\"true\" aria-invalid=\"false\" \/><\/span> <\/label><\/p>\n<p><label> Objet & Subject<br \/>\n    <span class=\"wpcf7-form-control-wrap your-subject\"><input type=\"text\" name=\"your-subject\" value=\"\" size=\"40\" class=\"wpcf7-form-control wpcf7-text wpcf7-validates-as-required\" aria-required=\"true\" aria-invalid=\"false\" \/><\/span> <\/label><\/p>\n<p><label> Message<br \/>\n    <span class=\"wpcf7-form-control-wrap your-message\"><textarea name=\"your-message\" cols=\"40\" rows=\"10\" class=\"wpcf7-form-control wpcf7-textarea\" aria-invalid=\"false\"><\/textarea><\/span> <\/label><\/p>\n<p><input type=\"submit\" value=\"Send\" class=\"wpcf7-form-control wpcf7-submit\" \/><\/p>\n<div class=\"wpcf7-response-output\" aria-hidden=\"true\"><\/div><\/form><\/div><\/div>\n","protected":false},"excerpt":{"rendered":"<p>camillevourch@gmail.com +33(0) 6 43 87 07 19<\/p>\n","protected":false},"author":1,"featured_media":0,"parent":0,"menu_order":0,"comment_status":"closed","ping_status":"closed","template":"","meta":{"neve_meta_sidebar":"full-width","neve_meta_container":"","neve_meta_enable_content_width":"on","neve_meta_content_width":100,"neve_meta_title_alignment":"","neve_meta_author_avatar":"","neve_post_elements_order":"","neve_meta_disable_header":"","neve_meta_disable_footer":"","neve_meta_disable_title":""},"yoast_head":"<!-- This site is optimized with the Yoast SEO plugin v15.9.2 - https:\/\/yoast.com\/wordpress\/plugins\/seo\/ -->\n<title>- Camille Vourc&#039;h traduction anglais-fran\u00e7ais english-french translator<\/title>\n<meta name=\"description\" content=\"contact, traduction, professionnelle, anglais, fran\u00e7ais, french, english, translation, devis, rapide, tarif, solidaire, ONG, litt\u00e9raire\" \/>\n<meta name=\"robots\" content=\"index, follow, max-snippet:-1, max-image-preview:large, max-video-preview:-1\" \/>\n<link rel=\"canonical\" href=\"https:\/\/camillevourch.com\/index.php\/contact-traduction-anglais-francais-english-french-translator\/\" \/>\n<meta property=\"og:locale\" content=\"en_US\" \/>\n<meta property=\"og:type\" content=\"article\" \/>\n<meta property=\"og:title\" content=\"- Camille Vourc&#039;h traduction anglais-fran\u00e7ais english-french translator\" \/>\n<meta property=\"og:description\" content=\"contact, traduction, professionnelle, anglais, fran\u00e7ais, french, english, translation, devis, rapide, tarif, solidaire, ONG, litt\u00e9raire\" \/>\n<meta property=\"og:url\" content=\"https:\/\/camillevourch.com\/index.php\/contact-traduction-anglais-francais-english-french-translator\/\" \/>\n<meta property=\"og:site_name\" content=\"Camille Vourc&#039;h\" \/>\n<meta property=\"article:modified_time\" content=\"2021-02-01T16:00:21+00:00\" \/>\n<meta property=\"og:image\" content=\"http:\/\/camillevourch.com\/wp-content\/uploads\/2021\/02\/P1080640-1024x1024.jpg\" \/>\n<meta name=\"twitter:card\" content=\"summary_large_image\" \/>\n<meta name=\"twitter:label1\" content=\"Est. reading time\">\n\t<meta name=\"twitter:data1\" content=\"1 minute\">\n<script type=\"application\/ld+json\" class=\"yoast-schema-graph\">{\"@context\":\"https:\/\/schema.org\",\"@graph\":[{\"@type\":\"WebSite\",\"@id\":\"https:\/\/camillevourch.com\/#website\",\"url\":\"https:\/\/camillevourch.com\/\",\"name\":\"Camille Vourc&#039;h\",\"description\":\"Traductrice anglais &gt; fran\\u00e7ais \",\"potentialAction\":[{\"@type\":\"SearchAction\",\"target\":\"https:\/\/camillevourch.com\/?s={search_term_string}\",\"query-input\":\"required name=search_term_string\"}],\"inLanguage\":\"en-US\"},{\"@type\":\"ImageObject\",\"@id\":\"https:\/\/camillevourch.com\/index.php\/contact-traduction-anglais-francais-english-french-translator\/#primaryimage\",\"inLanguage\":\"en-US\",\"url\":\"http:\/\/camillevourch.com\/wp-content\/uploads\/2021\/02\/P1080640-1024x1024.jpg\"},{\"@type\":\"WebPage\",\"@id\":\"https:\/\/camillevourch.com\/index.php\/contact-traduction-anglais-francais-english-french-translator\/#webpage\",\"url\":\"https:\/\/camillevourch.com\/index.php\/contact-traduction-anglais-francais-english-french-translator\/\",\"name\":\"- Camille Vourc&#039;h traduction anglais-fran\\u00e7ais english-french translator\",\"isPartOf\":{\"@id\":\"https:\/\/camillevourch.com\/#website\"},\"primaryImageOfPage\":{\"@id\":\"https:\/\/camillevourch.com\/index.php\/contact-traduction-anglais-francais-english-french-translator\/#primaryimage\"},\"datePublished\":\"2021-01-26T10:26:06+00:00\",\"dateModified\":\"2021-02-01T16:00:21+00:00\",\"description\":\"contact, traduction, professionnelle, anglais, fran\\u00e7ais, french, english, translation, devis, rapide, tarif, solidaire, ONG, litt\\u00e9raire\",\"breadcrumb\":{\"@id\":\"https:\/\/camillevourch.com\/index.php\/contact-traduction-anglais-francais-english-french-translator\/#breadcrumb\"},\"inLanguage\":\"en-US\",\"potentialAction\":[{\"@type\":\"ReadAction\",\"target\":[\"https:\/\/camillevourch.com\/index.php\/contact-traduction-anglais-francais-english-french-translator\/\"]}]},{\"@type\":\"BreadcrumbList\",\"@id\":\"https:\/\/camillevourch.com\/index.php\/contact-traduction-anglais-francais-english-french-translator\/#breadcrumb\",\"itemListElement\":[{\"@type\":\"ListItem\",\"position\":1,\"item\":{\"@type\":\"WebPage\",\"@id\":\"https:\/\/camillevourch.com\/\",\"url\":\"https:\/\/camillevourch.com\/\",\"name\":\"Accueil\"}},{\"@type\":\"ListItem\",\"position\":2,\"item\":{\"@type\":\"WebPage\",\"@id\":\"https:\/\/camillevourch.com\/index.php\/contact-traduction-anglais-francais-english-french-translator\/\",\"url\":\"https:\/\/camillevourch.com\/index.php\/contact-traduction-anglais-francais-english-french-translator\/\",\"name\":\"- Camille Vourc&#039;h traduction anglais-fran\\u00e7ais english-french translator\"}}]}]}<\/script>\n<!-- \/ Yoast SEO plugin. -->","_links":{"self":[{"href":"https:\/\/camillevourch.com\/index.php\/wp-json\/wp\/v2\/pages\/190"}],"collection":[{"href":"https:\/\/camillevourch.com\/index.php\/wp-json\/wp\/v2\/pages"}],"about":[{"href":"https:\/\/camillevourch.com\/index.php\/wp-json\/wp\/v2\/types\/page"}],"author":[{"embeddable":true,"href":"https:\/\/camillevourch.com\/index.php\/wp-json\/wp\/v2\/users\/1"}],"replies":[{"embeddable":true,"href":"https:\/\/camillevourch.com\/index.php\/wp-json\/wp\/v2\/comments?post=190"}],"version-history":[{"count":12,"href":"https:\/\/camillevourch.com\/index.php\/wp-json\/wp\/v2\/pages\/190\/revisions"}],"predecessor-version":[{"id":278,"href":"https:\/\/camillevourch.com\/index.php\/wp-json\/wp\/v2\/pages\/190\/revisions\/278"}],"wp:attachment":[{"href":"https:\/\/camillevourch.com\/index.php\/wp-json\/wp\/v2\/media?parent=190"}],"curies":[{"name":"wp","href":"https:\/\/api.w.org\/{rel}","templated":true}]}}